{"id":2305,"date":"2023-05-17T00:39:50","date_gmt":"2023-05-16T22:39:50","guid":{"rendered":"https:\/\/sarah-pietschmann.de\/?page_id=2305"},"modified":"2023-05-17T00:51:07","modified_gmt":"2023-05-16T22:51:07","slug":"imago-tv-2","status":"publish","type":"page","link":"https:\/\/sarah-pietschmann.de\/?page_id=2305","title":{"rendered":"ITV Studios Germany"},"content":{"rendered":"\n<p><a href=\"https:\/\/www.itvstudios.de\/\">ITV Studios Germany<\/a> ist eine 100-prozentige Tochter des britischen Medienkonzerns ITV plc und produziert seit \u00fcber 20 Jahren ausgezeichnete Programme f\u00fcr den deutschsprachigen TV- und Streamingmarkt. Gro\u00dfe Reality-Formate wie <strong>Love Island<\/strong> und Factual-Formate wie <strong>Das perfekte Dinner<\/strong> geh\u00f6ren genauso zu unserem Repertoire wie abendf\u00fcllende Unterhaltungsshows, Quiz-Sendungen und packende Fiction-Projekte.<\/p>\n\n\n\n<figure class=\"wp-block-gallery has-nested-images columns-default is-cropped wp-block-gallery-1 is-layout-flex\">\n<figure class=\"wp-block-image size-large\"><a href=\"https:\/\/sarah-pietschmann.de\/wp-content\/uploads\/2023\/05\/WhatsApp-Bild-2023-03-30-um-10.27.48.jpg\"><img decoding=\"async\" loading=\"lazy\" width=\"700\" height=\"933\" data-id=\"2308\"  src=\"https:\/\/sarah-pietschmann.de\/wp-content\/uploads\/2023\/05\/WhatsApp-Bild-2023-03-30-um-10.27.48-700x933.jpg\" alt=\"\" class=\"wp-image-2308\" srcset=\"https:\/\/sarah-pietschmann.de\/wp-content\/uploads\/2023\/05\/WhatsApp-Bild-2023-03-30-um-10.27.48-700x933.jpg 700w, https:\/\/sarah-pietschmann.de\/wp-content\/uploads\/2023\/05\/WhatsApp-Bild-2023-03-30-um-10.27.48-632x843.jpg 632w, https:\/\/sarah-pietschmann.de\/wp-content\/uploads\/2023\/05\/WhatsApp-Bild-2023-03-30-um-10.27.48-768x1024.jpg 768w, https:\/\/sarah-pietschmann.de\/wp-content\/uploads\/2023\/05\/WhatsApp-Bild-2023-03-30-um-10.27.48-1152x1536.jpg 1152w, https:\/\/sarah-pietschmann.de\/wp-content\/uploads\/2023\/05\/WhatsApp-Bild-2023-03-30-um-10.27.48.jpg 1536w\" sizes=\"(max-width: 700px) 100vw, 700px\" \/><\/a><\/figure>\n\n\n\n<figure class=\"wp-block-image size-large\"><a href=\"https:\/\/sarah-pietschmann.de\/wp-content\/uploads\/2023\/05\/WhatsApp-Bild-2023-05-17-um-00.20.32a-1.jpg\"><img decoding=\"async\" loading=\"lazy\" width=\"700\" height=\"933\" data-id=\"2313\"  src=\"https:\/\/sarah-pietschmann.de\/wp-content\/uploads\/2023\/05\/WhatsApp-Bild-2023-05-17-um-00.20.32a-1-700x933.jpg\" alt=\"\" class=\"wp-image-2313\" srcset=\"https:\/\/sarah-pietschmann.de\/wp-content\/uploads\/2023\/05\/WhatsApp-Bild-2023-05-17-um-00.20.32a-1-700x933.jpg 700w, https:\/\/sarah-pietschmann.de\/wp-content\/uploads\/2023\/05\/WhatsApp-Bild-2023-05-17-um-00.20.32a-1-632x843.jpg 632w, https:\/\/sarah-pietschmann.de\/wp-content\/uploads\/2023\/05\/WhatsApp-Bild-2023-05-17-um-00.20.32a-1.jpg 768w\" sizes=\"(max-width: 700px) 100vw, 700px\" \/><\/a><\/figure>\n\n\n\n<figure class=\"wp-block-image size-large\"><a href=\"https:\/\/sarah-pietschmann.de\/wp-content\/uploads\/2023\/05\/WhatsApp-Bild-2023-05-17-um-00.29.33.jpg\"><img decoding=\"async\" loading=\"lazy\" width=\"700\" height=\"933\" data-id=\"2314\"  src=\"https:\/\/sarah-pietschmann.de\/wp-content\/uploads\/2023\/05\/WhatsApp-Bild-2023-05-17-um-00.29.33-700x933.jpg\" alt=\"\" class=\"wp-image-2314\" srcset=\"https:\/\/sarah-pietschmann.de\/wp-content\/uploads\/2023\/05\/WhatsApp-Bild-2023-05-17-um-00.29.33-700x933.jpg 700w, https:\/\/sarah-pietschmann.de\/wp-content\/uploads\/2023\/05\/WhatsApp-Bild-2023-05-17-um-00.29.33-632x843.jpg 632w, https:\/\/sarah-pietschmann.de\/wp-content\/uploads\/2023\/05\/WhatsApp-Bild-2023-05-17-um-00.29.33-768x1024.jpg 768w, https:\/\/sarah-pietschmann.de\/wp-content\/uploads\/2023\/05\/WhatsApp-Bild-2023-05-17-um-00.29.33-1152x1536.jpg 1152w, https:\/\/sarah-pietschmann.de\/wp-content\/uploads\/2023\/05\/WhatsApp-Bild-2023-05-17-um-00.29.33.jpg 1299w\" sizes=\"(max-width: 700px) 100vw, 700px\" \/><\/a><\/figure>\n<\/figure>\n\n\n\n<h3 class=\"wp-block-heading\"><strong>Aufgabenbereiche:<\/strong><\/h3>\n\n\n\n<ul><li>Erstellung, Betreuung, Content Creation (Fotografie, Kameraf\u00fchrung) und Pflege formatbezogener Social Media-Kan\u00e4le auf Facebook, Instagram, Twitter, TikTok, YouTube<\/li><li>Bildbearbeitung<\/li><li>Videoschnitt (autark)<\/li><li>Social Media Management<\/li><li>Community Management<\/li><li>Erstellung von Content Pl\u00e4nen und Schnittkonzepten<\/li><li>Texten<\/li><li>Erstellung von Grafiken und Logos<\/li><li>Design von Flyern<\/li><li>Arbeit mit Pressematerial<\/li><li>Akquise<\/li><li>Interviewf\u00fchrung<\/li><li>redaktionelle und organisatorische Arbeiten<\/li><li>Planung, Organisation, Durchf\u00fchrung und Auswertung von Gewinnspielen<\/li><\/ul>\n\n\n\n<h3 class=\"wp-block-heading\"><strong><strong><strong><strong>Zus\u00e4tzliche Qualifikationen<\/strong><\/strong>:<\/strong><\/strong><\/h3>\n\n\n\n<ul><li>Ausbildung f\u00fcr betriebliche Ersthelfende<\/li><li>Ausbildung zur Brandschutzhelferin<\/li><\/ul>\n\n\n\n<figure class=\"wp-block-gallery has-nested-images columns-default is-cropped wp-block-gallery-3 is-layout-flex\">\n<figure class=\"wp-block-image size-large\"><a href=\"https:\/\/sarah-pietschmann.de\/wp-content\/uploads\/2023\/05\/WhatsApp-Bild-2023-05-17-um-00.20.32.jpg\"><img decoding=\"async\" loading=\"lazy\" width=\"700\" height=\"933\" data-id=\"2309\"  src=\"https:\/\/sarah-pietschmann.de\/wp-content\/uploads\/2023\/05\/WhatsApp-Bild-2023-05-17-um-00.20.32-700x933.jpg\" alt=\"\" class=\"wp-image-2309\" srcset=\"https:\/\/sarah-pietschmann.de\/wp-content\/uploads\/2023\/05\/WhatsApp-Bild-2023-05-17-um-00.20.32-700x933.jpg 700w, https:\/\/sarah-pietschmann.de\/wp-content\/uploads\/2023\/05\/WhatsApp-Bild-2023-05-17-um-00.20.32-632x843.jpg 632w, https:\/\/sarah-pietschmann.de\/wp-content\/uploads\/2023\/05\/WhatsApp-Bild-2023-05-17-um-00.20.32.jpg 768w\" sizes=\"(max-width: 700px) 100vw, 700px\" \/><\/a><\/figure>\n\n\n\n<figure class=\"wp-block-image size-full\"><a href=\"https:\/\/sarah-pietschmann.de\/wp-content\/uploads\/2023\/05\/WhatsApp-Bild-2023-05-17-um-00.30.41-1.jpg\"><img decoding=\"async\" loading=\"lazy\" width=\"637\" height=\"921\" data-id=\"2311\"  src=\"https:\/\/sarah-pietschmann.de\/wp-content\/uploads\/2023\/05\/WhatsApp-Bild-2023-05-17-um-00.30.41-1.jpg\" alt=\"\" class=\"wp-image-2311\" srcset=\"https:\/\/sarah-pietschmann.de\/wp-content\/uploads\/2023\/05\/WhatsApp-Bild-2023-05-17-um-00.30.41-1.jpg 637w, https:\/\/sarah-pietschmann.de\/wp-content\/uploads\/2023\/05\/WhatsApp-Bild-2023-05-17-um-00.30.41-1-632x914.jpg 632w\" sizes=\"(max-width: 637px) 100vw, 637px\" \/><\/a><\/figure>\n\n\n\n<figure class=\"wp-block-image size-large\"><a href=\"https:\/\/sarah-pietschmann.de\/wp-content\/uploads\/2023\/05\/WhatsApp-Bild-2023-05-17-um-00.20.31.jpg\"><img decoding=\"async\" loading=\"lazy\" width=\"700\" height=\"933\" data-id=\"2315\"  src=\"https:\/\/sarah-pietschmann.de\/wp-content\/uploads\/2023\/05\/WhatsApp-Bild-2023-05-17-um-00.20.31-700x933.jpg\" alt=\"\" class=\"wp-image-2315\" srcset=\"https:\/\/sarah-pietschmann.de\/wp-content\/uploads\/2023\/05\/WhatsApp-Bild-2023-05-17-um-00.20.31-700x933.jpg 700w, https:\/\/sarah-pietschmann.de\/wp-content\/uploads\/2023\/05\/WhatsApp-Bild-2023-05-17-um-00.20.31-632x843.jpg 632w, https:\/\/sarah-pietschmann.de\/wp-content\/uploads\/2023\/05\/WhatsApp-Bild-2023-05-17-um-00.20.31.jpg 768w\" sizes=\"(max-width: 700px) 100vw, 700px\" \/><\/a><\/figure>\n<\/figure>\n\n\n\n<h3 class=\"wp-block-heading\"><strong>Social Media-Betreuung der Formate:<\/strong><\/h3>\n\n\n\n<ul><li><a href=\"https:\/\/www.vox.de\/cms\/sendungen\/das-perfekte-dinner.html\">VOX: &#8222;Das perfekte Dinner&#8220;<\/a><\/li><li><a href=\"https:\/\/www.vox.de\/cms\/sendungen\/mein-kind-dein-kind.html\">VOX: &#8222;Mein Kind, Dein Kind&#8220;<\/a><\/li><li><a href=\"https:\/\/www.zdf.de\/kinder\/young-crime\">ZDFtivi f\u00fcr KiKA: &#8222;Young Crime&#8220;<\/a><\/li><li><a href=\"https:\/\/www.zdf.de\/kinder\/berlin-und-wir\">ZDFtivi f\u00fcr KiKA: &#8222;Berlin und wir&#8220;<\/a><\/li><\/ul>\n","protected":false},"excerpt":{"rendered":"<p>ITV Studios Germany ist eine 100-prozentige Tochter des britischen Medienkonzerns ITV plc und produziert seit \u00fcber 20 Jahren ausgezeichnete Programme f\u00fcr den deutschsprachigen TV- und Streamingmarkt. Gro\u00dfe Reality-Formate wie Love Island und Factual-Formate wie Das perfekte Dinner geh\u00f6ren genauso zu unserem Repertoire wie abendf\u00fcllende Unterhaltungsshows, Quiz-Sendungen und packende Fiction-Projekte. Aufgabenbereiche: Erstellung, Betreuung, Content Creation (Fotografie, [&hellip;]<\/p>\n","protected":false},"author":1,"featured_media":0,"parent":1137,"menu_order":3,"comment_status":"closed","ping_status":"closed","template":"","meta":[],"_links":{"self":[{"href":"https:\/\/sarah-pietschmann.de\/index.php?rest_route=\/wp\/v2\/pages\/2305"}],"collection":[{"href":"https:\/\/sarah-pietschmann.de\/index.php?rest_route=\/wp\/v2\/pages"}],"about":[{"href":"https:\/\/sarah-pietschmann.de\/index.php?rest_route=\/wp\/v2\/types\/page"}],"author":[{"embeddable":true,"href":"https:\/\/sarah-pietschmann.de\/index.php?rest_route=\/wp\/v2\/users\/1"}],"replies":[{"embeddable":true,"href":"https:\/\/sarah-pietschmann.de\/index.php?rest_route=%2Fwp%2Fv2%2Fcomments&post=2305"}],"version-history":[{"count":2,"href":"https:\/\/sarah-pietschmann.de\/index.php?rest_route=\/wp\/v2\/pages\/2305\/revisions"}],"predecessor-version":[{"id":2323,"href":"https:\/\/sarah-pietschmann.de\/index.php?rest_route=\/wp\/v2\/pages\/2305\/revisions\/2323"}],"up":[{"embeddable":true,"href":"https:\/\/sarah-pietschmann.de\/index.php?rest_route=\/wp\/v2\/pages\/1137"}],"wp:attachment":[{"href":"https:\/\/sarah-pietschmann.de\/index.php?rest_route=%2Fwp%2Fv2%2Fmedia&parent=2305"}],"curies":[{"name":"wp","href":"https:\/\/api.w.org\/{rel}","templated":true}]}}