{"id":1203,"date":"2021-07-21T00:24:57","date_gmt":"2021-07-20T22:24:57","guid":{"rendered":"https:\/\/sarah-pietschmann.de\/?page_id=1203"},"modified":"2022-07-11T13:53:16","modified_gmt":"2022-07-11T11:53:16","slug":"avvolontariat-der-produzentenallianz","status":"publish","type":"page","link":"https:\/\/sarah-pietschmann.de\/?page_id=1203","title":{"rendered":"AV!Volo der Produzentenallianz"},"content":{"rendered":"\n<p>Die <a href=\"https:\/\/pa-iq.de\/\">PAIQ Produzentenallianz Initiative f\u00fcr Qualifikation<\/a> engagiert sich f\u00fcr die Nachwuchsf\u00f6rderung, Aus- und Weiterbildung im Bereich audiovisuelle Produktion. Sie konzipiert, organisiert und veranstaltet begleitende Seminarreihen zum Producer-Volontariat, das im Bereich Fernseh-, Kino- und Werbefilmproduktion ausbildet, sowie praxisrelevante Workshops f\u00fcr Produktionsmitarbeiter*innen. Die PAIQ wurde als Tochterunternehmen der Allianz Deutscher Produzenten \u2013 Film &amp; Fernsehen (Produzentenallianz), dem ma\u00dfgeblichen deutschen Produzentenverband, gegr\u00fcndet.<\/p>\n\n\n\n<p>Das Volontariat f\u00fcr Audiovisuelle Produktion AV!Volo vermittelt genre\u00fcbergreifende Kenntnisse und Fertigkeiten f\u00fcr die Produktion von Programmen f\u00fcr Fernsehen, Kino und Werbung. Je nach Schwerpunkt des praktischen Ausbildungsteils bilden die Volontariate zum\/zur (Junior-) Producer*in bzw. zur Redaktions- oder Produktionsassistenz aus.<\/p>\n\n\n\n<figure class=\"wp-block-gallery has-nested-images columns-default is-cropped wp-block-gallery-1 is-layout-flex\">\n<figure class=\"wp-block-image size-large\"><a href=\"https:\/\/sarah-pietschmann.de\/wp-content\/uploads\/2021\/07\/66698002_404274933551450_6732120941018864135_n.jpg\"><img decoding=\"async\" loading=\"lazy\" width=\"700\" height=\"700\" data-id=\"1310\"  src=\"https:\/\/sarah-pietschmann.de\/wp-content\/uploads\/2021\/07\/66698002_404274933551450_6732120941018864135_n-700x700.jpg\" alt=\"\" class=\"wp-image-1310\" srcset=\"https:\/\/sarah-pietschmann.de\/wp-content\/uploads\/2021\/07\/66698002_404274933551450_6732120941018864135_n-700x700.jpg 700w, https:\/\/sarah-pietschmann.de\/wp-content\/uploads\/2021\/07\/66698002_404274933551450_6732120941018864135_n-632x632.jpg 632w, https:\/\/sarah-pietschmann.de\/wp-content\/uploads\/2021\/07\/66698002_404274933551450_6732120941018864135_n-768x768.jpg 768w, https:\/\/sarah-pietschmann.de\/wp-content\/uploads\/2021\/07\/66698002_404274933551450_6732120941018864135_n.jpg 1080w\" sizes=\"(max-width: 700px) 100vw, 700px\" \/><\/a><\/figure>\n\n\n\n<figure class=\"wp-block-image size-large\"><a href=\"https:\/\/sarah-pietschmann.de\/wp-content\/uploads\/2021\/07\/66788619_128111561793366_6192123497751653093_n-1.jpg\"><img decoding=\"async\" loading=\"lazy\" width=\"700\" height=\"799\" data-id=\"1313\"  src=\"https:\/\/sarah-pietschmann.de\/wp-content\/uploads\/2021\/07\/66788619_128111561793366_6192123497751653093_n-1-700x799.jpg\" alt=\"\" class=\"wp-image-1313\" srcset=\"https:\/\/sarah-pietschmann.de\/wp-content\/uploads\/2021\/07\/66788619_128111561793366_6192123497751653093_n-1-700x799.jpg 700w, https:\/\/sarah-pietschmann.de\/wp-content\/uploads\/2021\/07\/66788619_128111561793366_6192123497751653093_n-1-632x722.jpg 632w, https:\/\/sarah-pietschmann.de\/wp-content\/uploads\/2021\/07\/66788619_128111561793366_6192123497751653093_n-1-768x877.jpg 768w, https:\/\/sarah-pietschmann.de\/wp-content\/uploads\/2021\/07\/66788619_128111561793366_6192123497751653093_n-1.jpg 1080w\" sizes=\"(max-width: 700px) 100vw, 700px\" \/><\/a><\/figure>\n\n\n\n<figure class=\"wp-block-image size-large\"><a href=\"https:\/\/sarah-pietschmann.de\/wp-content\/uploads\/2021\/07\/Screenshot-2021-07-22-161900.jpg\"><img decoding=\"async\" loading=\"lazy\" width=\"660\" height=\"651\" data-id=\"1318\"  src=\"https:\/\/sarah-pietschmann.de\/wp-content\/uploads\/2021\/07\/Screenshot-2021-07-22-161900.jpg\" alt=\"\" class=\"wp-image-1318\" srcset=\"https:\/\/sarah-pietschmann.de\/wp-content\/uploads\/2021\/07\/Screenshot-2021-07-22-161900.jpg 660w, https:\/\/sarah-pietschmann.de\/wp-content\/uploads\/2021\/07\/Screenshot-2021-07-22-161900-632x623.jpg 632w\" sizes=\"(max-width: 660px) 100vw, 660px\" \/><\/a><\/figure>\n<\/figure>\n\n\n\n<h3 class=\"wp-block-heading\"><strong>Die Seminarreihe:<\/strong><\/h3>\n\n\n\n<p><strong>Entertainment: Development &amp; Pitching<\/strong><br>Definition eines Formats und Formatbibel, Arten und Strategien der Formatentwicklung, Ideenfindung, Dramaturgie von Entertainment-Formaten, Pitching<\/p>\n\n\n\n<p><strong>Fiction: Storytelling und Dramaturgie<\/strong><br>Grundlagen des Erz\u00e4hlens und der Dramaturgie, Stoffentwicklung, Genres und Erz\u00e4hlformen, Stoffanalyse<\/p>\n\n\n\n<p><strong>Dokumentation: Recherche und Interviewf\u00fchrung<\/strong><br>Definition und Typen dokumentarischer Formate, Regeln und Techniken der Interviewf\u00fchrung, Recherchetechniken, Pressekodex, Besonderheiten der Produktion<\/p>\n\n\n\n<p><strong>Werbung: Ideenentwicklung und Produktionsabl\u00e4ufe<\/strong><br>Entstehung und Planung eines Werbespots, Pr\u00e4sentation und Pitch aus Produzenten- und Auftraggebersicht, produktionelle Besonderheiten: Timing und Breakdown<\/p>\n\n\n\n<p><strong>Auftraggebersicht<\/strong><br>Senderstrukturen und -strategien, Programmplanung, Redaktionsmanagement<\/p>\n\n\n\n<p><strong>Organisatorische Produktion<\/strong><br>Koordination und Steuerung: Produktionsbereiche, Mitarbeiter, Dienstleister, Drehpl\u00e4ne, Arbeitsabl\u00e4ufe, Kontrollmechanismen<\/p>\n\n\n\n<p><strong>Kaufm\u00e4nnische Produktion<\/strong><br>Finanzierung und Kalkulation: Produktionsarten, Finanzierungsmodelle und F\u00f6rderm\u00f6glichkeiten, Kalkulation und Kostenkontrolle, Versicherungen<\/p>\n\n\n\n<p><strong>Arbeit am Set<\/strong><br>Aufnahmeleitung, Art Direction, Green Productions: Abl\u00e4ufe und Strukturen am Set, Dreharbeiten und -vorbereitung, Arbeitsschutz, gestalterische Umsetzung<\/p>\n\n\n\n<p><strong>Postproduktion<\/strong><br>Endfertigungsplanung, VFX, Synchronisation, O-T\u00f6ne\/Sound\/Musik etc.<\/p>\n\n\n\n<p><strong>Koordination &amp; Steuerung<\/strong><br>Produktionsarten und -bereiche, Arbeitsabl\u00e4ufe, Mitarbeiter, Kontrollinstrumente und -mechanismen<\/p>\n\n\n\n<p><strong>Finanzierung &amp; Kosten<\/strong><br>Finanzierungsmodelle, F\u00f6rderm\u00f6glichkeiten, Kostenkalkulation und -kontrolle<\/p>\n\n\n\n<p><strong>Praxismodul: Erstellung eines Beitrags<\/strong><br>Beitragsgestaltung, Grundlagen des Textens, Konzeption des eigenen Beitrags, Technikeinf\u00fchrung, Dreh und Sichten (Mobile Reporting), Einf\u00fchrung ins Schnittprogramm Premiere Pro, Schneiden des eigenen Beitrags, Vertiefung Texten, Auswertung der Beitr\u00e4ge<\/p>\n\n\n\n<p><strong>Auswertung<\/strong><br>Auswertungsm\u00f6glichkeiten, Lizenzhandel, Umgang mit Verleihern\/Vertrieben, Vermarktungsstrategien, Pressearbeit<\/p>\n\n\n\n<p><strong>Cross-, Trans- und Social Media<\/strong><br>Trans-\/Crossmedia-Produktion: Konzeption, Dramaturgie, Herstellung und Auswertung<br>Social Media: Entwicklung von Social-Media-Strategien und Content f\u00fcr Social Media<\/p>\n\n\n\n<p><strong>Marktforschung<\/strong><br>Marktbeobachtung und Trends, Datenbankmanagement<\/p>\n\n\n\n<p><strong>Medienrecht<\/strong><br>Arbeitsrecht, TV FFS, Urheberrecht und Rechteclearing, Produktionsvertragsrecht<\/p>\n\n\n\n<p><strong>Abschlusspr\u00fcfung<\/strong><br>Die Seminarreihe endete mit einer Abschlusspr\u00fcfung. Die bestandene Pr\u00fcfung und die Teilnahme an den Seminaren wurde mit einem Zertifikat der Produzentenallianz\/PAIQ bescheinigt.<\/p>\n","protected":false},"excerpt":{"rendered":"<p>Die PAIQ Produzentenallianz Initiative f\u00fcr Qualifikation engagiert sich f\u00fcr die Nachwuchsf\u00f6rderung, Aus- und Weiterbildung im Bereich audiovisuelle Produktion. Sie konzipiert, organisiert und veranstaltet begleitende Seminarreihen zum Producer-Volontariat, das im Bereich Fernseh-, Kino- und Werbefilmproduktion ausbildet, sowie praxisrelevante Workshops f\u00fcr Produktionsmitarbeiter*innen. Die PAIQ wurde als Tochterunternehmen der Allianz Deutscher Produzenten \u2013 Film &amp; Fernsehen (Produzentenallianz), dem [&hellip;]<\/p>\n","protected":false},"author":1,"featured_media":0,"parent":1137,"menu_order":4,"comment_status":"closed","ping_status":"closed","template":"","meta":[],"_links":{"self":[{"href":"https:\/\/sarah-pietschmann.de\/index.php?rest_route=\/wp\/v2\/pages\/1203"}],"collection":[{"href":"https:\/\/sarah-pietschmann.de\/index.php?rest_route=\/wp\/v2\/pages"}],"about":[{"href":"https:\/\/sarah-pietschmann.de\/index.php?rest_route=\/wp\/v2\/types\/page"}],"author":[{"embeddable":true,"href":"https:\/\/sarah-pietschmann.de\/index.php?rest_route=\/wp\/v2\/users\/1"}],"replies":[{"embeddable":true,"href":"https:\/\/sarah-pietschmann.de\/index.php?rest_route=%2Fwp%2Fv2%2Fcomments&post=1203"}],"version-history":[{"count":13,"href":"https:\/\/sarah-pietschmann.de\/index.php?rest_route=\/wp\/v2\/pages\/1203\/revisions"}],"predecessor-version":[{"id":1806,"href":"https:\/\/sarah-pietschmann.de\/index.php?rest_route=\/wp\/v2\/pages\/1203\/revisions\/1806"}],"up":[{"embeddable":true,"href":"https:\/\/sarah-pietschmann.de\/index.php?rest_route=\/wp\/v2\/pages\/1137"}],"wp:attachment":[{"href":"https:\/\/sarah-pietschmann.de\/index.php?rest_route=%2Fwp%2Fv2%2Fmedia&parent=1203"}],"curies":[{"name":"wp","href":"https:\/\/api.w.org\/{rel}","templated":true}]}}