{"id":1056,"date":"2020-09-11T23:54:37","date_gmt":"2020-09-11T21:54:37","guid":{"rendered":"https:\/\/sarah-pietschmann.de\/?page_id=1056"},"modified":"2023-05-17T00:59:09","modified_gmt":"2023-05-16T22:59:09","slug":"imago-tv","status":"publish","type":"page","link":"https:\/\/sarah-pietschmann.de\/?page_id=1056","title":{"rendered":"Imago TV Film- und Fernsehproduktion"},"content":{"rendered":"\n<p><a href=\"https:\/\/imago-tv.de\/\">Imago TV<\/a> steht f\u00fcr erfolgreiches Fernsehen f\u00fcr alle \u2013 f\u00fcr ein breites Publikum, f\u00fcr \u00f6ffentlich-rechtliche und f\u00fcr private Sender.<\/p>\n\n\n\n<p>Ein Gro\u00dfteil dieser Sendungen sind selbst entwickelte Formate, darunter Factual Entertainment Formate, Reality Shows, Reportagen,&nbsp;Doku Soaps, Dokumentationen und Magazinbeitr\u00e4ge.<\/p>\n\n\n\n<p>Imago TV Produktionen wurden f\u00fcr den&nbsp;Grimme-Preis nominiert&nbsp;und mit dem Deutschen Fernsehpreis und dem International Emmy Award Kids 2017 in der Kategorie Kids Factual ausgezeichnet.<\/p>\n\n\n\n<figure class=\"wp-block-gallery has-nested-images columns-default is-cropped wp-block-gallery-1 is-layout-flex\">\n<figure class=\"wp-block-image size-large\"><a href=\"https:\/\/sarah-pietschmann.de\/wp-content\/uploads\/2021\/07\/52351168_385531415605341_2556810039697826547_n-1.jpg\"><img decoding=\"async\" loading=\"lazy\" width=\"700\" height=\"841\" data-id=\"1302\"  src=\"https:\/\/sarah-pietschmann.de\/wp-content\/uploads\/2021\/07\/52351168_385531415605341_2556810039697826547_n-1-700x841.jpg\" alt=\"\" class=\"wp-image-1302\" srcset=\"https:\/\/sarah-pietschmann.de\/wp-content\/uploads\/2021\/07\/52351168_385531415605341_2556810039697826547_n-1-700x841.jpg 700w, https:\/\/sarah-pietschmann.de\/wp-content\/uploads\/2021\/07\/52351168_385531415605341_2556810039697826547_n-1-632x759.jpg 632w, https:\/\/sarah-pietschmann.de\/wp-content\/uploads\/2021\/07\/52351168_385531415605341_2556810039697826547_n-1-768x922.jpg 768w, https:\/\/sarah-pietschmann.de\/wp-content\/uploads\/2021\/07\/52351168_385531415605341_2556810039697826547_n-1.jpg 1080w\" sizes=\"(max-width: 700px) 100vw, 700px\" \/><\/a><\/figure>\n\n\n\n<figure class=\"wp-block-image size-large\"><a href=\"https:\/\/sarah-pietschmann.de\/wp-content\/uploads\/2021\/07\/68785486_2384491401791993_2287561193671607620_n-1.jpg\"><img decoding=\"async\" loading=\"lazy\" width=\"700\" height=\"700\" data-id=\"1304\"  src=\"https:\/\/sarah-pietschmann.de\/wp-content\/uploads\/2021\/07\/68785486_2384491401791993_2287561193671607620_n-1-700x700.jpg\" alt=\"\" class=\"wp-image-1304\" srcset=\"https:\/\/sarah-pietschmann.de\/wp-content\/uploads\/2021\/07\/68785486_2384491401791993_2287561193671607620_n-1-700x700.jpg 700w, https:\/\/sarah-pietschmann.de\/wp-content\/uploads\/2021\/07\/68785486_2384491401791993_2287561193671607620_n-1-632x632.jpg 632w, https:\/\/sarah-pietschmann.de\/wp-content\/uploads\/2021\/07\/68785486_2384491401791993_2287561193671607620_n-1-768x768.jpg 768w, https:\/\/sarah-pietschmann.de\/wp-content\/uploads\/2021\/07\/68785486_2384491401791993_2287561193671607620_n-1.jpg 1080w\" sizes=\"(max-width: 700px) 100vw, 700px\" \/><\/a><\/figure>\n\n\n\n<figure class=\"wp-block-image size-large\"><a href=\"https:\/\/sarah-pietschmann.de\/wp-content\/uploads\/2021\/07\/61701118_139418440467315_3012691926441862427_n-1.jpg\"><img decoding=\"async\" loading=\"lazy\" width=\"700\" height=\"858\" data-id=\"1305\"  src=\"https:\/\/sarah-pietschmann.de\/wp-content\/uploads\/2021\/07\/61701118_139418440467315_3012691926441862427_n-1-700x858.jpg\" alt=\"\" class=\"wp-image-1305\" srcset=\"https:\/\/sarah-pietschmann.de\/wp-content\/uploads\/2021\/07\/61701118_139418440467315_3012691926441862427_n-1-700x858.jpg 700w, https:\/\/sarah-pietschmann.de\/wp-content\/uploads\/2021\/07\/61701118_139418440467315_3012691926441862427_n-1-632x774.jpg 632w, https:\/\/sarah-pietschmann.de\/wp-content\/uploads\/2021\/07\/61701118_139418440467315_3012691926441862427_n-1-768x941.jpg 768w, https:\/\/sarah-pietschmann.de\/wp-content\/uploads\/2021\/07\/61701118_139418440467315_3012691926441862427_n-1.jpg 1080w\" sizes=\"(max-width: 700px) 100vw, 700px\" \/><\/a><\/figure>\n<\/figure>\n\n\n\n<h3 class=\"wp-block-heading\"><strong>Aufgabenbereiche:<\/strong><\/h3>\n\n\n\n<p><strong>&#8230;als Volont\u00e4rin:<\/strong><\/p>\n\n\n\n<ul><li>Akquise (online, telefonisch und vor Ort)<\/li><li>Themen- und Protagonistenrecherche<\/li><li>F\u00fchren von Interviews<\/li><li>Schreiben von Expos\u00e9s, (Casting-)Leitf\u00e4den, Drehtreatments<\/li><li>Drehbetreuung<ul><li>Castingdreh<\/li><li>Unterst\u00fctzung beim Paneldreh<\/li><li>sonstige Unterst\u00fctzung beim Dreh<\/li><\/ul><\/li><li>Kameraf\u00fchrung (sendef\u00e4hige Aufnahmen)<\/li><li>Schnittbetreuung<ul><li>Castingschnitt autark<\/li><li>redaktionelle Schnittbetreuung f\u00fcr Formate \/ Dokustr\u00e4nge<\/li><li>Trailerschnitt autark und als redaktionelle Betreuung (v.a. f\u00fcr Pitches und Entwicklungs- \/ Pilotprojekte)<\/li><\/ul><\/li><li>Arbeit an Entwicklungsformaten<ul><li>Verfassen von Expos\u00e9s und Onepagern<\/li><li>Castingvideo- und Trailerschnitt zur Sendervorstellung und f\u00fcr Pitches<\/li><\/ul><\/li><li>Erstellung von Sichtlisten und Schnittkonzepten<\/li><li>Betreuung von technischen Abnahmen<\/li><li>Betreuung von Vertonungen<\/li><li>Social Media &amp; Online-Redaktion (Content \u2013 Gestaltung f\u00fcr <a rel=\"noreferrer noopener\" href=\"https:\/\/www.facebook.com\/ImagoTVProduktionen\" target=\"_blank\">Facebook<\/a>, <a rel=\"noreferrer noopener\" href=\"https:\/\/www.instagram.com\/imago_tv\/\" target=\"_blank\">Instagram<\/a>, <a rel=\"noreferrer noopener\" href=\"https:\/\/twitter.com\/ImagoTV_de\" target=\"_blank\">Twitter<\/a>)<\/li><li>Content-Erstellung im Bereich Social Media f\u00fcr Sender<\/li><li>s\u00e4mtliche Arbeiten mit der Datenbank &#8222;simpleRedak&#8220; (Pflegen von Datens\u00e4tzen, Erstellen und Versand des Newsletters, Anlegen neuer Formate, etc.)<\/li><li>Pilotierung zahlreicher Entwicklungsformate<\/li><li>Erstellen von HKN-Listen \/ Fremdmaterial-\u00dcbersichten<\/li><\/ul>\n\n\n\n<p><strong>&#8230;als Jungredakteurin:<\/strong><\/p>\n\n\n\n<ul><li>Verfassen von Pressemitteilungen<\/li><li>Arbeit mit Pressematerial<\/li><li>Kommunikation mit Drehlocations<\/li><li>Planung, Organisation, Durchf\u00fchrung und Auswertung von Gewinnspielen<\/li><\/ul>\n\n\n\n<p><strong>&#8230;als Head of Social Media:<\/strong><\/p>\n\n\n\n<ul><li>Betreuung und z.T. Erstellung der Social Media Kan\u00e4le Facebook, Instagram, Twitter, TikTok, WhatsApp Business, YouTube, LinkedIn und Xing<\/li><li>Pflege der Firmenwebsite<\/li><li>Erstellung und Betreuung einer externen Castingwebsite<\/li><li>Community Management<\/li><li>Bildbearbeitung f\u00fcr Sendungen<\/li><li>Erstellung von Postern, Flyern und Merchandise<\/li><li>formatbezogene Social Media-Arbeit f\u00fcr Sender<\/li><\/ul>\n\n\n\n<figure class=\"wp-block-gallery has-nested-images columns-default is-cropped wp-block-gallery-3 is-layout-flex\">\n<figure class=\"wp-block-image size-large\"><a href=\"https:\/\/sarah-pietschmann.de\/wp-content\/uploads\/2021\/07\/42847829_277712419527674_2058964870051937207_n.jpg\"><img decoding=\"async\" loading=\"lazy\" width=\"700\" height=\"700\" data-id=\"1293\"  src=\"https:\/\/sarah-pietschmann.de\/wp-content\/uploads\/2021\/07\/42847829_277712419527674_2058964870051937207_n-700x700.jpg\" alt=\"\" class=\"wp-image-1293\" srcset=\"https:\/\/sarah-pietschmann.de\/wp-content\/uploads\/2021\/07\/42847829_277712419527674_2058964870051937207_n-700x700.jpg 700w, https:\/\/sarah-pietschmann.de\/wp-content\/uploads\/2021\/07\/42847829_277712419527674_2058964870051937207_n-632x632.jpg 632w, https:\/\/sarah-pietschmann.de\/wp-content\/uploads\/2021\/07\/42847829_277712419527674_2058964870051937207_n-768x768.jpg 768w, https:\/\/sarah-pietschmann.de\/wp-content\/uploads\/2021\/07\/42847829_277712419527674_2058964870051937207_n.jpg 1080w\" sizes=\"(max-width: 700px) 100vw, 700px\" \/><\/a><\/figure>\n\n\n\n<figure class=\"wp-block-image size-large\"><a href=\"https:\/\/sarah-pietschmann.de\/wp-content\/uploads\/2021\/07\/89715387_2797976603623728_2097468125023934119_n.jpg\"><img decoding=\"async\" loading=\"lazy\" width=\"700\" height=\"700\" data-id=\"1299\"  src=\"https:\/\/sarah-pietschmann.de\/wp-content\/uploads\/2021\/07\/89715387_2797976603623728_2097468125023934119_n-700x700.jpg\" alt=\"\" class=\"wp-image-1299\" srcset=\"https:\/\/sarah-pietschmann.de\/wp-content\/uploads\/2021\/07\/89715387_2797976603623728_2097468125023934119_n-700x700.jpg 700w, https:\/\/sarah-pietschmann.de\/wp-content\/uploads\/2021\/07\/89715387_2797976603623728_2097468125023934119_n-632x632.jpg 632w, https:\/\/sarah-pietschmann.de\/wp-content\/uploads\/2021\/07\/89715387_2797976603623728_2097468125023934119_n-768x768.jpg 768w, https:\/\/sarah-pietschmann.de\/wp-content\/uploads\/2021\/07\/89715387_2797976603623728_2097468125023934119_n.jpg 1080w\" sizes=\"(max-width: 700px) 100vw, 700px\" \/><\/a><\/figure>\n\n\n\n<figure class=\"wp-block-image size-large\"><a href=\"https:\/\/sarah-pietschmann.de\/wp-content\/uploads\/2021\/07\/43621841_315712679013586_5154647662610145887_n-2.jpg\"><img decoding=\"async\" loading=\"lazy\" width=\"700\" height=\"875\" data-id=\"1306\"  src=\"https:\/\/sarah-pietschmann.de\/wp-content\/uploads\/2021\/07\/43621841_315712679013586_5154647662610145887_n-2-700x875.jpg\" alt=\"\" class=\"wp-image-1306\" srcset=\"https:\/\/sarah-pietschmann.de\/wp-content\/uploads\/2021\/07\/43621841_315712679013586_5154647662610145887_n-2-700x875.jpg 700w, https:\/\/sarah-pietschmann.de\/wp-content\/uploads\/2021\/07\/43621841_315712679013586_5154647662610145887_n-2-632x790.jpg 632w, https:\/\/sarah-pietschmann.de\/wp-content\/uploads\/2021\/07\/43621841_315712679013586_5154647662610145887_n-2-768x960.jpg 768w, https:\/\/sarah-pietschmann.de\/wp-content\/uploads\/2021\/07\/43621841_315712679013586_5154647662610145887_n-2.jpg 1080w\" sizes=\"(max-width: 700px) 100vw, 700px\" \/><\/a><\/figure>\n<\/figure>\n\n\n\n<h3 class=\"wp-block-heading\"><strong>Betreute Formate:<\/strong><\/h3>\n\n\n\n<ul><li><a rel=\"noreferrer noopener\" href=\"https:\/\/www.rtl2.de\/\" target=\"_blank\">Pilotprojekt f\u00fcr RTL II<\/a><\/li><li><a rel=\"noreferrer noopener\" href=\"https:\/\/www.tvnow.de\/shows\/vera-unterwegs-zwischen-mut-und-armut-17682\" target=\"_blank\">RTL: &#8222;Vera unterwegs: Zwischen Mut und Armut!&#8220;<\/a><\/li><li><a rel=\"noreferrer noopener\" href=\"https:\/\/www.zdf.de\/show\/du-und-ich-unverbesserlich\" target=\"_blank\">ZDFneo: &#8222;Du &amp; Ich &#8211; Unverbesserlich!?&#8220;<\/a><\/li><li><a rel=\"noreferrer noopener\" href=\"https:\/\/www.sat1.de\/tv\/die-sat-1-reportage\/episoden\/wir-packen-an-helden-der-corona-krise-die-sat-1-reportage\" target=\"_blank\">Sat.1: &#8222;Wir packen an! Helden der Corona-Krise&#8220;<\/a><\/li><li><a rel=\"noreferrer noopener\" href=\"https:\/\/www.joyn.de\/filme\/deutschlands-corona-helden-wir-sagen-danke\" target=\"_blank\">Sat.1: &#8222;Deutschlands Corona-Helden: Wir sagen Danke!&#8220;<\/a><\/li><li><a rel=\"noreferrer noopener\" href=\"https:\/\/www.dwdl.de\/mipcom2019\/74540\/bei_tlc_produzieren_paare_2020_ein_sex_tape\/?utm_source=&amp;utm_medium=&amp;utm_campaign=&amp;utm_term=\" target=\"_blank\">TLC: &#8222;Sex Tape&#8220;<\/a><\/li><li><a rel=\"noreferrer noopener\" href=\"https:\/\/www.rtl.de\/\" target=\"_blank\">Pilotprojekt f\u00fcr RTL<\/a><\/li><li><a href=\"https:\/\/www.zdf.de\/sender\/zdfneo\">Pilotprojekt f\u00fcr ZDFneo<\/a><\/li><li><a href=\"https:\/\/www.tvnow.de\/serien\/amoklauf-muenchen-eine-stadt-in-angst-19797\">TVNOW: &#8222;Amoklauf M\u00fcnchen &#8211; eine Stadt in Angst&#8220;<\/a><\/li><li><a href=\"https:\/\/www.rtl2.de\/sendungen\/die-schnaeppchenhaeuser-der-traum-vom-eigenheim\">RTL ZWEI: &#8222;Die Schn\u00e4ppchenh\u00e4user&#8220;<\/a><\/li><\/ul>\n\n\n\n<h4 class=\"wp-block-heading\"><strong>Aushilfe in Formaten:<\/strong><\/h4>\n\n\n\n<ul><li><a href=\"https:\/\/www.tvnow.de\/shows\/mensch-papa-vaeter-allein-zu-haus-17347\" target=\"_blank\" rel=\"noreferrer noopener\">RTL: &#8222;Mensch Papa! V\u00e4ter allein zu Haus&#8220;<\/a><\/li><li><a href=\"https:\/\/www.rtl2.de\/sendungen\/die-babystation-jeden-tag-ein-kleines-wunder\" target=\"_blank\" rel=\"noreferrer noopener\">RTL II: &#8222;Die Babystation &#8211; Jeden Tag ein kleines Wunder!&#8220;<\/a><\/li><li><a href=\"https:\/\/www.rtl2.de\/sendungen\/clever-wohnen-mehr-platz-fuer-uns\" target=\"_blank\" rel=\"noreferrer noopener\">RTL II: &#8222;Clever wohnen &#8211; Mehr Platz f\u00fcr uns!&#8220;<\/a><\/li><li><a href=\"https:\/\/www.kabeleins.de\/tv\/ab-ins-kloster-rosenkranz-statt-randale\" target=\"_blank\" rel=\"noreferrer noopener\">Kabel Eins: &#8222;Ab ins Kloster! Rosenkranz statt Randale&#8220;<\/a><\/li><li><a href=\"https:\/\/www.ardmediathek.de\/video\/servicezeit\/unser-gartenglueck-lieblingsplatz-fuer-familie-tomanek-die-mediterrane-terrasse\/wdr-fernsehen\/Y3JpZDovL3dkci5kZS9CZWl0cmFnLWFhM2I4MDFjLTRlMGItNDMyOS04OWY3LWRhNjVhNGVlYzdiNQ\/\" target=\"_blank\" rel=\"noreferrer noopener\">WDR: &#8222;Unser Gartengl\u00fcck&#8220;<\/a><\/li><li><a href=\"https:\/\/www.sat1.de\/tv\/die-sat-1-reportage\">SAT.1: &#8222;Die SAT.1-Reportage&#8220;<\/a><\/li><li><a href=\"https:\/\/www.netflix.com\/de\/\">Pilotprojekte f\u00fcr Netflix<\/a><\/li><li><a href=\"https:\/\/www.dazn.com\/de-DE\/home?gclid=Cj0KCQjw6NmHBhD2ARIsAI3hrM2e3AZE1YZblKhB1tzbMsoTBXqr5YJaC8CKKmlhp1IKjiu-jviZOwIaAu-UEALw_wcB&amp;gclsrc=aw.ds\">Pilotprojekt f\u00fcr DAZN<\/a><\/li><\/ul>\n\n\n\n<h4 class=\"wp-block-heading\"><strong>Social Media-Umsetzung f\u00fcr Sender:<\/strong><\/h4>\n\n\n\n<ul><li>Unterst\u00fctzung bei der Konzeptionierung neuer Formate f\u00fcr Social Media (<a href=\"https:\/\/www.kika.de\/index.html\">KiKa<\/a>, <a href=\"https:\/\/www.zdf.de\/sender\/zdfneo\">ZDFneo<\/a>, <a href=\"https:\/\/www.rbb-online.de\/fernsehen\/\">rbb Fersehen<\/a>)<\/li><li><a href=\"https:\/\/www.zdf.de\/dokumentation\/wie-lange-ist-fuer-immer\/wie-lange-ist-fuer-immer-1-100.html\">ZDFneo: &#8222;Wie lange ist f\u00fcr immer?&#8220;<\/a><\/li><li><a href=\"https:\/\/www.rbb-online.de\/doku\/0-99\/10-tage-ohne\/10-tage-ohne-vierteilige-rbb-reportagenreihe.html\">rbb Fernsehen: &#8222;10 Tage ohne&#8220;<\/a><\/li><li><a rel=\"noreferrer noopener\" href=\"https:\/\/www.zdf.de\/dokumentation\/trennungskinder\" target=\"_blank\">ZDFneo: &#8222;Trennungskinder &#8211; Wenn Eltern auseinandergehen&#8220;<\/a><\/li><\/ul>\n","protected":false},"excerpt":{"rendered":"<p>Imago TV steht f\u00fcr erfolgreiches Fernsehen f\u00fcr alle \u2013 f\u00fcr ein breites Publikum, f\u00fcr \u00f6ffentlich-rechtliche und f\u00fcr private Sender. Ein Gro\u00dfteil dieser Sendungen sind selbst entwickelte Formate, darunter Factual Entertainment Formate, Reality Shows, Reportagen,&nbsp;Doku Soaps, Dokumentationen und Magazinbeitr\u00e4ge. Imago TV Produktionen wurden f\u00fcr den&nbsp;Grimme-Preis nominiert&nbsp;und mit dem Deutschen Fernsehpreis und dem International Emmy Award Kids [&hellip;]<\/p>\n","protected":false},"author":1,"featured_media":0,"parent":1137,"menu_order":3,"comment_status":"closed","ping_status":"closed","template":"","meta":[],"_links":{"self":[{"href":"https:\/\/sarah-pietschmann.de\/index.php?rest_route=\/wp\/v2\/pages\/1056"}],"collection":[{"href":"https:\/\/sarah-pietschmann.de\/index.php?rest_route=\/wp\/v2\/pages"}],"about":[{"href":"https:\/\/sarah-pietschmann.de\/index.php?rest_route=\/wp\/v2\/types\/page"}],"author":[{"embeddable":true,"href":"https:\/\/sarah-pietschmann.de\/index.php?rest_route=\/wp\/v2\/users\/1"}],"replies":[{"embeddable":true,"href":"https:\/\/sarah-pietschmann.de\/index.php?rest_route=%2Fwp%2Fv2%2Fcomments&post=1056"}],"version-history":[{"count":26,"href":"https:\/\/sarah-pietschmann.de\/index.php?rest_route=\/wp\/v2\/pages\/1056\/revisions"}],"predecessor-version":[{"id":2324,"href":"https:\/\/sarah-pietschmann.de\/index.php?rest_route=\/wp\/v2\/pages\/1056\/revisions\/2324"}],"up":[{"embeddable":true,"href":"https:\/\/sarah-pietschmann.de\/index.php?rest_route=\/wp\/v2\/pages\/1137"}],"wp:attachment":[{"href":"https:\/\/sarah-pietschmann.de\/index.php?rest_route=%2Fwp%2Fv2%2Fmedia&parent=1056"}],"curies":[{"name":"wp","href":"https:\/\/api.w.org\/{rel}","templated":true}]}}